{"id":381,"date":"2023-02-07T16:13:22","date_gmt":"2023-02-07T16:13:22","guid":{"rendered":"https:\/\/ofozellas.com\/?page_id=381"},"modified":"2023-02-08T16:49:32","modified_gmt":"2023-02-08T16:49:32","slug":"privacybeleid","status":"publish","type":"page","link":"https:\/\/ofozellas.com\/fr\/privacybeleid\/","title":{"rendered":"Politique de confidentialit\u00e9"},"content":{"rendered":"<p><strong><span style=\"color: #82868b; font-size: 1rem;\">Politique de confidentialit\u00e9 jj. 7 f\u00e9vrier 2023\/span&gt;<\/span><\/strong><\/p>\r\n<p style=\"padding-left: 40px;\"><strong>Qui sommes nous<\/strong><\/p>\r\n<p style=\"padding-left: 40px;\"><!-- \/wp:post-content --><\/p>\r\n<p style=\"padding-left: 40px;\"><!-- wp:paragraph -->notre site:www.ofozellas.com : https:\/\/ofozellas.com.<br \/>Gesina en Mario Verhage,<br \/>La Grenterie, 50420 Gouvets, Normandi\u00eb France.<br \/>Num\u00e9ro de t\u00e9l\u00e9phone: 00 33 6 72 27 43 49 disponible de 10h \u00e0 22h. <br \/>E-mail:\u00a0<a href=\"mailto:marinus.verhage@orange.fr\">marinus.verhage@orange.fr<\/a><\/p>\r\n<p style=\"padding-left: 40px;\"><!-- \/wp:paragraph --><\/p>\r\n<p><!-- wp:heading --><\/p>\r\n<p style=\"padding-left: 40px;\"><strong> Donn\u00e9es personnelles que nous collectons<\/strong><\/p>\r\n<p style=\"padding-left: 40px;\"><!-- \/wp:heading --><\/p>\r\n<p><!-- wp:paragraph --><\/p>\r\n<p style=\"padding-left: 40px;\">les donn\u00e9es saisies et transmises par le biais du formulaire de contact, \u00e0 savoir :<br \/>nom, adresse, e-mail, num\u00e9ro de t\u00e9l\u00e9phone.<\/p>\r\n<p style=\"padding-left: 40px;\"><!-- \/wp:paragraph --><\/p>\r\n<p><!-- wp:heading --><\/p>\r\n<p style=\"padding-left: 40px;\"><strong>Utilisation des donn\u00e9es obtenues :<br \/><\/strong>Les donn\u00e9es obtenues ne seront utilis\u00e9es que pour vous contacter afin de r\u00e9pondre ou de confirmer la question ou l&#8217;inscription.<br \/><strong><br \/>Afficher les donn\u00e9es:<br \/><\/strong>Seules les personnes susmentionn\u00e9es Mario et Gesina Verhage ont acc\u00e8s aux donn\u00e9es personnelles<\/p>\r\n<p style=\"padding-left: 40px;\"><!-- \/wp:heading --><\/p>\r\n<p><!-- wp:paragraph --><\/p>\r\n<p style=\"padding-left: 40px;\"><!-- \/wp:paragraph --><\/p>\r\n<p><!-- wp:heading --><\/p>\r\n<p style=\"padding-left: 40px;\"><strong>Partage des donn\u00e9es:<br \/><\/strong>Les donn\u00e9es obtenues ne seront ni partag\u00e9es ni revendues \u00e0 des tiers.<\/p>\r\n<p style=\"padding-left: 40px;\"><!-- \/wp:heading --><\/p>\r\n<p><!-- wp:paragraph --><\/p>\r\n<p style=\"padding-left: 40px;\"><!-- \/wp:paragraph --><\/p>\r\n<p><!-- wp:paragraph --><\/p>\r\n<p style=\"padding-left: 40px;\"><strong>Dur\u00e9e de conservation des donn\u00e9es<br \/><\/strong>Les donn\u00e9es personnelles sont conserv\u00e9es pendant une dur\u00e9e maximale de 2 ans, \u00e0 moins que le fournisseur n&#8217;indique qu&#8217;elles doivent \u00eatre supprim\u00e9es plus t\u00f4t<\/p>\r\n<p style=\"padding-left: 40px;\"><!-- \/wp:paragraph --><\/p>\r\n<p><!-- wp:heading --><\/p>\r\n<p style=\"padding-left: 40px;\"><strong>Contenu int\u00e9gr\u00e9 d&#8217;autres sites<\/strong><!-- \/wp:heading --><\/p>\r\n<p><!-- wp:paragraph --><\/p>\r\n<p style=\"padding-left: 40px;\">Les publications de ce site peuvent contenir du contenu int\u00e9gr\u00e9 (par exemple des vid\u00e9os, des images, des messages, etc.). Le contenu int\u00e9gr\u00e9 d&#8217;autres sites se comporte exactement comme si le visiteur avait visit\u00e9 cet autre site. Ces sites peuvent collecter des donn\u00e9es vous concernant, utiliser des cookies, int\u00e9grer un suivi tiers suppl\u00e9mentaire et surveiller votre interaction avec ce contenu int\u00e9gr\u00e9, y compris l&#8217;enregistrement de votre interaction avec le contenu int\u00e9gr\u00e9 si vous avez un compte et \u00eates connect\u00e9 \u00e0 ce site.<\/p>\r\n<p style=\"padding-left: 40px;\"><!-- \/wp:paragraph --><\/p>\r\n<p><!-- wp:paragraph --><\/p>\r\n<p style=\"padding-left: 40px;\"><!-- \/wp:paragraph --><\/p>\r\n<p><!-- wp:heading --><\/p>\r\n<p style=\"padding-left: 40px;\"><!-- \/wp:heading --><\/p>\r\n<p><!-- wp:heading --><\/p>\r\n<p style=\"padding-left: 40px;\"><strong>Combien de temps conservons-nous vos donn\u00e9es apr\u00e8s avoir publi\u00e9 un commentaire<\/strong><\/p>\r\n<p style=\"padding-left: 40px;\"><!-- \/wp:heading --><\/p>\r\n<p><!-- wp:paragraph --><\/p>\r\n<p style=\"padding-left: 40px;\">Lorsque vous laissez un commentaire, ce commentaire et les m\u00e9tadonn\u00e9es de ce commentaire seront sauvegard\u00e9s pour toujours. De cette fa\u00e7on, nous pouvons reconna\u00eetre et approuver automatiquement les commentaires de suivi au lieu d&#8217;avoir \u00e0 les mod\u00e9rer. Pour les utilisateurs qui s&#8217;inscrivent sur notre site (le cas \u00e9ch\u00e9ant), nous stockons \u00e9galement les informations personnelles qu&#8217;ils fournissent dans leur profil d&#8217;utilisateur. Tous les utilisateurs peuvent consulter, modifier ou supprimer leurs informations personnelles \u00e0 tout moment (sauf qu&#8217;ils ne peuvent pas modifier leur nom d&#8217;utilisateur). Les administrateurs du site peuvent \u00e9galement afficher et modifier ces informations.<\/p>\r\n<p style=\"padding-left: 40px;\"><!-- \/wp:paragraph --><\/p>\r\n<p><!-- wp:paragraph --><\/p>\r\n<p style=\"padding-left: 40px;\"><!-- \/wp:paragraph --><\/p>\r\n<p><!-- wp:heading --><\/p>\r\n<p style=\"padding-left: 40px;\"><strong>Quels droits avez-vous sur vos donn\u00e9es<\/strong><\/p>\r\n<p style=\"padding-left: 40px;\">Si vous avez un compte sur ce site ou avez laiss\u00e9 des commentaires, vous pouvez demander un fichier d&#8217;exportation des informations personnelles que nous d\u00e9tenons \u00e0 votre sujet, y compris toute information que vous nous avez fournie. Vous pouvez \u00e9galement nous demander d&#8217;effacer toutes les donn\u00e9es personnelles que nous d\u00e9tenons \u00e0 votre sujet. Cela n&#8217;inclut pas les donn\u00e9es que nous sommes tenus de conserver \u00e0 des fins administratives, juridiques ou de s\u00e9curit\u00e9.<!-- \/wp:heading --><\/p>\r\n<p><!-- wp:paragraph --><\/p>\r\n<p style=\"padding-left: 40px;\">.<\/p>\r\n<p style=\"padding-left: 40px;\"><!-- \/wp:paragraph --><\/p>\r\n<p><!-- wp:heading --><\/p>\r\n<p><!-- \/wp:heading --><\/p>\r\n<p><!-- wp:paragraph --><\/p>\r\n<p><!-- \/wp:paragraph --><\/p>\r\n<p style=\"padding-left: 40px;\"><strong>O\u00f9 vos donn\u00e9es sont envoy\u00e9es<br \/><\/strong> Les commentaires des visiteurs peuvent \u00eatre v\u00e9rifi\u00e9s par un service automatis\u00e9 de d\u00e9tection de spam.<\/p>","protected":false},"excerpt":{"rendered":"<p>Politique de confidentialit\u00e9 jj. 7 f\u00e9vrier 2023\/span&gt; Qui sommes nous notre site:www.ofozellas.com : https:\/\/ofozellas.com.Gesina en Mario Verhage,La Grenterie, 50420 Gouvets, Normandi\u00eb France.Num\u00e9ro de t\u00e9l\u00e9phone: 00 33 6 72 27 43 49 disponible de 10h \u00e0 [&hellip;]<\/p>\n","protected":false},"author":1,"featured_media":0,"parent":0,"menu_order":0,"comment_status":"closed","ping_status":"closed","template":"","meta":{"footnotes":""},"class_list":["post-381","page","type-page","status-publish","hentry"],"translation":{"provider":"WPGlobus","version":"3.0.0","language":"fr","enabled_languages":["nl","fr"],"languages":{"nl":{"title":true,"content":true,"excerpt":false},"fr":{"title":true,"content":true,"excerpt":false}}},"_links":{"self":[{"href":"https:\/\/ofozellas.com\/fr\/wp-json\/wp\/v2\/pages\/381","targetHints":{"allow":["GET"]}}],"collection":[{"href":"https:\/\/ofozellas.com\/fr\/wp-json\/wp\/v2\/pages"}],"about":[{"href":"https:\/\/ofozellas.com\/fr\/wp-json\/wp\/v2\/types\/page"}],"author":[{"embeddable":true,"href":"https:\/\/ofozellas.com\/fr\/wp-json\/wp\/v2\/users\/1"}],"replies":[{"embeddable":true,"href":"https:\/\/ofozellas.com\/fr\/wp-json\/wp\/v2\/comments?post=381"}],"version-history":[{"count":7,"href":"https:\/\/ofozellas.com\/fr\/wp-json\/wp\/v2\/pages\/381\/revisions"}],"predecessor-version":[{"id":398,"href":"https:\/\/ofozellas.com\/fr\/wp-json\/wp\/v2\/pages\/381\/revisions\/398"}],"wp:attachment":[{"href":"https:\/\/ofozellas.com\/fr\/wp-json\/wp\/v2\/media?parent=381"}],"curies":[{"name":"wp","href":"https:\/\/api.w.org\/{rel}","templated":true}]}}