{"id":83,"date":"2023-01-17T14:27:02","date_gmt":"2023-01-17T14:27:02","guid":{"rendered":"https:\/\/ofozellas.com\/?page_id=83"},"modified":"2023-02-08T15:43:48","modified_gmt":"2023-02-08T15:43:48","slug":"contact","status":"publish","type":"page","link":"https:\/\/ofozellas.com\/fr\/contact\/","title":{"rendered":"d\u00e9tails du contact"},"content":{"rendered":"<p><strong>Contacter par email.<br \/>\nLes champs marqu\u00e9s d&#8217;un * sont obligatoires.<br \/>\nPr\u00e9f\u00e9rez-vous appeler ? T\u00e9l\u00e9phone : 06 72 27 43 49 joignable de 10h \u00e0 22h.<\/strong><\/p>\n\n<div class=\"wpcf7 no-js\" id=\"wpcf7-f357-o1\" lang=\"nl-NL\" dir=\"ltr\" data-wpcf7-id=\"357\">\n<div class=\"screen-reader-response\"><p role=\"status\" aria-live=\"polite\" aria-atomic=\"true\"><\/p> <ul><\/ul><\/div>\n<form action=\"\/fr\/wp-json\/wp\/v2\/pages\/83#wpcf7-f357-o1\" method=\"post\" class=\"wpcf7-form init\" aria-label=\"Contact form\" novalidate=\"novalidate\" data-status=\"init\">\n<fieldset class=\"hidden-fields-container\"><input type=\"hidden\" name=\"_wpcf7\" value=\"357\" \/><input type=\"hidden\" name=\"_wpcf7_version\" value=\"6.1.3\" \/><input type=\"hidden\" name=\"_wpcf7_locale\" value=\"nl_NL\" \/><input type=\"hidden\" name=\"_wpcf7_unit_tag\" value=\"wpcf7-f357-o1\" \/><input type=\"hidden\" name=\"_wpcf7_container_post\" value=\"0\" \/><input type=\"hidden\" name=\"_wpcf7_posted_data_hash\" value=\"\" \/>\n<\/fieldset>\n<table>\n\t<tr>\n\t\t<td width=\"320\">\n\t\t\t<p><label>naam*<br \/>\nNom et pr\u00e9nom:<\/label>\n\t\t\t<\/p>\n\t\t<\/td>\n\t\t<td>\n\t\t\t<p><span class=\"wpcf7-form-control-wrap\" data-name=\"your-name\"><input size=\"40\" maxlength=\"400\" class=\"wpcf7-form-control wpcf7-text wpcf7-validates-as-required\" autocomplete=\"name\" aria-required=\"true\" aria-invalid=\"false\" value=\"\" type=\"text\" name=\"your-name\" \/><\/span>\n\t\t\t<\/p>\n\t\t<\/td>\n\t<\/tr>\n\t<tr>\n\t\t<td>\n\t\t\t<p><label>e-mail*:<\/label>\n\t\t\t<\/p>\n\t\t<\/td>\n\t\t<td>\n\t\t\t<p><span class=\"wpcf7-form-control-wrap\" data-name=\"your-email\"><input size=\"40\" maxlength=\"400\" class=\"wpcf7-form-control wpcf7-email wpcf7-validates-as-required wpcf7-text wpcf7-validates-as-email\" autocomplete=\"email\" aria-required=\"true\" aria-invalid=\"false\" value=\"\" type=\"email\" name=\"your-email\" \/><\/span>\n\t\t\t<\/p>\n\t\t<\/td>\n\t<\/tr>\n\t<tr>\n\t\t<td>\n\t\t\t<p><label>telefoonnummer*<br \/>\nt\u00e9l\u00e9phone* :<\/label>\n\t\t\t<\/p>\n\t\t<\/td>\n\t\t<td>\n\t\t\t<p><span class=\"wpcf7-form-control-wrap\" data-name=\"tel-785\"><input size=\"40\" maxlength=\"400\" class=\"wpcf7-form-control wpcf7-tel wpcf7-validates-as-required wpcf7-text wpcf7-validates-as-tel\" aria-required=\"true\" aria-invalid=\"false\" value=\"\" type=\"tel\" name=\"tel-785\" \/><\/span>\n\t\t\t<\/p>\n\t\t<\/td>\n\t<\/tr>\n\t<tr>\n\t\t<td>\n\t\t\t<p><label>straat en huisnummer*<br \/>\nRue et no*:<\/label>\n\t\t\t<\/p>\n\t\t<\/td>\n\t\t<td>\n\t\t\t<p><span class=\"wpcf7-form-control-wrap\" data-name=\"text-478\"><input size=\"40\" maxlength=\"400\" class=\"wpcf7-form-control wpcf7-text wpcf7-validates-as-required\" aria-required=\"true\" aria-invalid=\"false\" value=\"\" type=\"text\" name=\"text-478\" \/><\/span>\n\t\t\t<\/p>\n\t\t<\/td>\n\t<\/tr>\n\t<tr>\n\t\t<td>\n\t\t\t<p><label>postcode en woonplaats*<br \/>\nCode postal et ville*:<\/label>\n\t\t\t<\/p>\n\t\t<\/td>\n\t\t<td>\n\t\t\t<p><span class=\"wpcf7-form-control-wrap\" data-name=\"text-478\"><input size=\"40\" maxlength=\"400\" class=\"wpcf7-form-control wpcf7-text wpcf7-validates-as-required\" aria-required=\"true\" aria-invalid=\"false\" value=\"\" type=\"text\" name=\"text-478\" \/><\/span>\n\t\t\t<\/p>\n\t\t<\/td>\n\t<\/tr>\n\t<tr>\n\t\t<td>\n\t\t\t<p><label>opmerking<br \/>\nremarque:<\/label>\n\t\t\t<\/p>\n\t\t<\/td>\n\t\t<td>\n\t\t\t<p><span class=\"wpcf7-form-control-wrap\" data-name=\"your-subject\"><input size=\"40\" maxlength=\"400\" class=\"wpcf7-form-control wpcf7-text wpcf7-validates-as-required\" aria-required=\"true\" aria-invalid=\"false\" value=\"\" type=\"text\" name=\"your-subject\" \/><\/span>\n\t\t\t<\/p>\n\t\t<\/td>\n\t<\/tr>\n\t<tr>\n\t\t<td>\n\t\t\t<p><label>aanmelden voor een puppy*<br \/>\nvoudrais m'inscrire pour un chiot*:<\/label>\n\t\t\t<\/p>\n\t\t<\/td>\n\t\t<td>\n\t\t\t<p><span class=\"wpcf7-form-control-wrap\" data-name=\"radio-617\"><span class=\"wpcf7-form-control wpcf7-radio\"><span class=\"wpcf7-list-item first\"><label><input type=\"radio\" name=\"radio-617\" value=\"ja\/oui\" checked=\"checked\" \/><span class=\"wpcf7-list-item-label\">ja\/oui<\/span><\/label><\/span><span class=\"wpcf7-list-item last\"><label><input type=\"radio\" name=\"radio-617\" value=\"nee\/non\" \/><span class=\"wpcf7-list-item-label\">nee\/non<\/span><\/label><\/span><\/span><\/span><label><\/label>\n\t\t\t<\/p>\n\t\t<\/td>\n\t<\/tr>\n\t<tr>\n\t\t<td>\n\t\t\t<p>verstuur<br \/>\nenvoyer:\n\t\t\t<\/p>\n\t\t<\/td>\n\t\t<td>\n\t\t\t<p><input class=\"wpcf7-form-control wpcf7-submit has-spinner\" type=\"submit\" value=\"Verzenden \/ exp\u00e9dier\" \/>\n\t\t\t<\/p>\n\t\t<\/td>\n\t<\/tr>\n<\/table><div class=\"wpcf7-response-output\" aria-hidden=\"true\"><\/div>\n<\/form>\n<\/div>\n\n<p><strong>Gesina et Mario Verhage,<br \/>\nLa Grenterie, 50420 Gouvets, Normandie France.<br \/>\nNum\u00e9ro de t\u00e9l\u00e9phone: 00 33 6 72 27 43 49 disponible de 10h \u00e0 22h<br \/>\nE-mail: marinus.verhage@orange.fr<\/strong><br \/>\n<iframe loading=\"lazy\" style=\"border: 0;\" src=\"https:\/\/www.google.com\/maps\/embed?pb=!1m28!1m12!1m3!1d2187646.4020766523!2d0.2358630954142018!3d50.44872790485609!2m3!1f0!2f0!3f0!3m2!1i1024!2i768!4f13.1!4m13!3e6!4m5!1s0x47c66f4339d32d37%3A0xd6c8fc4c19af4ae9!2sUtrecht!3m2!1d52.090737399999995!2d5.1214201!4m5!1s0x480be99cba9fcec1%3A0xa27ea027a02f2844!2sLa%20Grenterie!3m2!1d48.9448253!2d-1.0792433!5e0!3m2!1snl!2snl!4v1673965773077!5m2!1snl!2snl\" width=\"400\" height=\"300\" allowfullscreen=\"allowfullscreen\"><\/iframe><\/p>\n<p>Pour un itin\u00e9raire plus calme en termes de circulation, nous vous conseillons la &#8216;route c\u00f4ti\u00e8re&#8217; :<br \/>\nE40<br \/>\nCalais\/Veurnes<br \/>\nE402<br \/>\nBoulogne\/Rouen-Abbeville<br \/>\nA28<br \/>\nRouen\/Le Havre<br \/>\nA29<br \/>\nCaen\/Pont De Normandie<br \/>\nA13<br \/>\nCaen, Pour Caen prendre : P\u00e9riph\u00e9rique Sud<\/p>\n<p>Prendre la sortie 9 = A 84 direction Saint Lo\/Avranches\/Rennes\/Le Mont Saint Michel.<br \/>\nVous \u00eates maintenant \u00e0 environ 60 km de votre destination.<br \/>\nVous prenez la sortie 39 : Tessy sur Vire\/Pont Farcy.<br \/>\nPont Farcy\/Tessy sur Vire : Au carrefour en T prendre \u00e0 droite direction Pont Farcy.<br \/>\nAu premier carrefour, tourner \u00e0 droite (direction Villedieu les Poeles).<br \/>\nApr\u00e8s environ 400 m\u00e8tres prendre \u00e0 droite direction Montabot = D 296. Vous continuez votre route,<br \/>\napr\u00e8s 3,5 km vous trouverez sur votre gauche (apr\u00e8s le croisement) La Grenterie<\/p>\n","protected":false},"excerpt":{"rendered":"<p>Contacter par email. Les champs marqu\u00e9s d&#8217;un * sont obligatoires. Pr\u00e9f\u00e9rez-vous appeler ? T\u00e9l\u00e9phone : 06 72 27 43 49 joignable de 10h \u00e0 22h. Gesina et Mario Verhage, La Grenterie, 50420 Gouvets, Normandie France. [&hellip;]<\/p>\n","protected":false},"author":1,"featured_media":0,"parent":0,"menu_order":0,"comment_status":"closed","ping_status":"closed","template":"","meta":{"footnotes":""},"class_list":["post-83","page","type-page","status-publish","hentry"],"translation":{"provider":"WPGlobus","version":"3.0.0","language":"fr","enabled_languages":["nl","fr"],"languages":{"nl":{"title":true,"content":true,"excerpt":false},"fr":{"title":true,"content":true,"excerpt":false}}},"_links":{"self":[{"href":"https:\/\/ofozellas.com\/fr\/wp-json\/wp\/v2\/pages\/83","targetHints":{"allow":["GET"]}}],"collection":[{"href":"https:\/\/ofozellas.com\/fr\/wp-json\/wp\/v2\/pages"}],"about":[{"href":"https:\/\/ofozellas.com\/fr\/wp-json\/wp\/v2\/types\/page"}],"author":[{"embeddable":true,"href":"https:\/\/ofozellas.com\/fr\/wp-json\/wp\/v2\/users\/1"}],"replies":[{"embeddable":true,"href":"https:\/\/ofozellas.com\/fr\/wp-json\/wp\/v2\/comments?post=83"}],"version-history":[{"count":31,"href":"https:\/\/ofozellas.com\/fr\/wp-json\/wp\/v2\/pages\/83\/revisions"}],"predecessor-version":[{"id":87,"href":"https:\/\/ofozellas.com\/fr\/wp-json\/wp\/v2\/pages\/83\/revisions\/87"}],"wp:attachment":[{"href":"https:\/\/ofozellas.com\/fr\/wp-json\/wp\/v2\/media?parent=83"}],"curies":[{"name":"wp","href":"https:\/\/api.w.org\/{rel}","templated":true}]}}