{"id":91,"date":"2023-01-17T14:35:26","date_gmt":"2023-01-17T14:35:26","guid":{"rendered":"https:\/\/ofozellas.com\/?page_id=91"},"modified":"2023-07-23T07:44:00","modified_gmt":"2023-07-23T07:44:00","slug":"even-voorstellen","status":"publish","type":"page","link":"https:\/\/ofozellas.com\/fr\/even-voorstellen\/","title":{"rendered":"Introduire"},"content":{"rendered":"<p><img loading=\"lazy\" decoding=\"async\" class=\"alignleft size-medium wp-image-93\" src=\"https:\/\/ofozellas.com\/wp-content\/uploads\/2023\/01\/buitenkant-gite-300x225.jpg\" alt=\"ons huis in Normandie\" width=\"300\" height=\"225\" srcset=\"https:\/\/ofozellas.com\/wp-content\/uploads\/2023\/01\/buitenkant-gite-300x225.jpg 300w, https:\/\/ofozellas.com\/wp-content\/uploads\/2023\/01\/buitenkant-gite-1024x768.jpg 1024w, https:\/\/ofozellas.com\/wp-content\/uploads\/2023\/01\/buitenkant-gite-768x576.jpg 768w, https:\/\/ofozellas.com\/wp-content\/uploads\/2023\/01\/buitenkant-gite-1536x1152.jpg 1536w, https:\/\/ofozellas.com\/wp-content\/uploads\/2023\/01\/buitenkant-gite.jpg 1680w\" sizes=\"auto, (max-width: 300px) 100vw, 300px\" \/><\/p>\n<p>Gesina et Mario Verhage.<br \/>\nNous vivons dans la belle Normandie pour \u00eatre pr\u00e9cis \u00e0 La Grenterie, 50420 Gouvets, France.<\/p>\n<p>Avec notre petit \u00e9levage de labrador &#8221; OF OZELLAS TREASURE &#8221; nous visons \u00e0 \u00e9lever un labrador de race pure avec notre super meute.<\/p>\n<p>Les chiots quittent le nid avec un passeport europ\u00e9en et un certificat sanitaire. Ils sont puc\u00e9s et re\u00e7oivent un pedigree et tous les r\u00e9sultats ADN des parents dans un dossier<\/p>\n<p>&nbsp;<\/p>\n","protected":false},"excerpt":{"rendered":"<p>Gesina et Mario Verhage. Nous vivons dans la belle Normandie pour \u00eatre pr\u00e9cis \u00e0 La Grenterie, 50420 Gouvets, France. Avec notre petit \u00e9levage de labrador &#8221; OF OZELLAS TREASURE &#8221; nous visons \u00e0 \u00e9lever un [&hellip;]<\/p>\n","protected":false},"author":1,"featured_media":0,"parent":0,"menu_order":0,"comment_status":"closed","ping_status":"closed","template":"","meta":{"footnotes":""},"class_list":["post-91","page","type-page","status-publish","hentry"],"translation":{"provider":"WPGlobus","version":"3.0.0","language":"fr","enabled_languages":["nl","fr"],"languages":{"nl":{"title":true,"content":true,"excerpt":false},"fr":{"title":true,"content":true,"excerpt":false}}},"_links":{"self":[{"href":"https:\/\/ofozellas.com\/fr\/wp-json\/wp\/v2\/pages\/91","targetHints":{"allow":["GET"]}}],"collection":[{"href":"https:\/\/ofozellas.com\/fr\/wp-json\/wp\/v2\/pages"}],"about":[{"href":"https:\/\/ofozellas.com\/fr\/wp-json\/wp\/v2\/types\/page"}],"author":[{"embeddable":true,"href":"https:\/\/ofozellas.com\/fr\/wp-json\/wp\/v2\/users\/1"}],"replies":[{"embeddable":true,"href":"https:\/\/ofozellas.com\/fr\/wp-json\/wp\/v2\/comments?post=91"}],"version-history":[{"count":28,"href":"https:\/\/ofozellas.com\/fr\/wp-json\/wp\/v2\/pages\/91\/revisions"}],"predecessor-version":[{"id":550,"href":"https:\/\/ofozellas.com\/fr\/wp-json\/wp\/v2\/pages\/91\/revisions\/550"}],"wp:attachment":[{"href":"https:\/\/ofozellas.com\/fr\/wp-json\/wp\/v2\/media?parent=91"}],"curies":[{"name":"wp","href":"https:\/\/api.w.org\/{rel}","templated":true}]}}